{"id":3827,"date":"2024-08-26T14:30:10","date_gmt":"2024-08-26T14:30:10","guid":{"rendered":"https:\/\/imm0906.live-website.com\/?page_id=3827"},"modified":"2025-07-30T16:06:18","modified_gmt":"2025-07-30T16:06:18","slug":"sachverstand","status":"publish","type":"page","link":"https:\/\/imm-bochum.de\/en\/sachverstand\/","title":{"rendered":"Expertise"},"content":{"rendered":"<p><section id=\"bt_section69d262047bc83\"  class=\"boldSection topSemiSpaced bottomSemiSpaced gutter boxed inherit\" ><div class=\"port\"><div class=\"boldCell\"><div class=\"boldCellInner\"><div class=\"boldRow\" ><div class=\"boldRowInner\"><div class=\"rowItem col-md-6 col-sm-12 btTextLeft animate animate-fadein inherit\"  data-width=\"6\"><div class=\"rowItemContent\" ><header class=\"header btClear large btDash bottomDash  regular\" ><div class=\"dash\"><h2><span class=\"headline\">Expertise: expert reports and certificates for maximum safety<\/span><\/h2><\/div><div class=\"btSubTitle\">Our expertise is confirmed by numerous certificates and the public appointment of our experts. This guarantees you the highest quality in consulting, testing and implementation of your construction projects.<\/div><\/header><div class=\"btClear btSeparator topSemiSpaced noBorder\" ><hr><\/div><\/div><\/div><div class=\"rowItem col-md-6 col-sm-12 btTextCenter animate animate-fadein btMiddleVertical hidden-xs hidden-ms hidden-sm wBackground cover\" style=\"background-image: url(https:\/\/imm-bochum.de\/wp-content\/uploads\/2024\/08\/160217-ST3-IS-SW-Gewoelbeschalwagen-4-2.jpg);\" data-width=\"6\"><div class=\"rowItemContent\" ><div class=\"btClear btSeparator bottomSemiSpaced noBorder\" ><hr><\/div><\/div><\/div><\/div><\/div><\/div><\/div><\/div><\/section><section id=\"bt_section69d262047ce78\"  class=\"boldSection topSmallSpaced btDarkSkin gutter boxed inherit\" ><div class=\"port\"><div class=\"boldCell\"><div class=\"boldCellInner\"><div class=\"boldRow\" ><div class=\"boldRowInner\"><div class=\"rowItem col-md-9 col-ms-12  btTextLeft animate animate-fadein inherit\"  data-width=\"9\"><div class=\"rowItemContent\" ><header class=\"header btClear small  regular\" ><div class=\"dash\"><h4><span class=\"headline\">Technological excellence for the construction of the future<\/span><\/h4><\/div><\/header><div class=\"btClear btSeparator bottomSmallSpaced noBorder\" ><hr><\/div><\/div><\/div><div class=\"rowItem col-md-3 col-sm-6 col-ms-12 btTextRight animate animate-fadein btBottomVertical\"  data-width=\"3\"><div class=\"rowItemContent\" ><a href=\"https:\/\/imm-bochum.de\/en\/kontakt\/\" class=\"btBtn btBtn btnFilledStyle btnAccentColor btnMedium btnNormalWidth btnRightPosition btnNoIcon\" ><span class=\"btnInnerText\">Contact us now<\/span><\/a><div class=\"btClear btSeparator bottomSmallSpaced noBorder\" ><hr><\/div><\/div><\/div><\/div><\/div><\/div><\/div><\/div><\/section><section id=\"bt_section69d262047ecdd\"  class=\"boldSection topSemiSpaced bottomSemiSpaced gutter boxed inherit\" ><div class=\"port\"><div class=\"boldCell\"><div class=\"boldCellInner\"><div class=\"boldRow\" ><div class=\"boldRowInner\"><div class=\"rowItem col-md-12 col-ms-12  btTextLeft animate animate-fadein btMiddleVertical btDoublePadding\"  data-width=\"12\"><div class=\"rowItemContent\" ><header class=\"header btClear small btDash bottomDash  regular\" ><div class=\"dash\"><h4><span class=\"headline\"><b class=\"animate\">Our expert services:<\/b><\/span><\/h4><\/div><\/header><div class=\"btClear btSeparator topSmallSpaced bottomSmallSpaced noBorder\" ><hr><\/div><div class=\"boldRow\" ><div class=\"boldRowInner\"><div class=\"rowItem rowInnerItem col-sm-4  btTextLeft inherit\"  ><div class=\"rowItemContent\"><div class=\"servicesItem  btIcoDefaultColorIcon btIcoSmallSizeIcon\"><div class=\"sIcon\"><span class=\"btIco btIcoSmallSize btIcoDefaultType btIcoDefaultColor btIconCircleShape\"><span  data-ico-=\"&#038;#x;\" class=\"btIcoHolder\"><\/span><\/span><\/div><div class=\"sTxt\"><header class=\"header btClear small\" ><div class=\"dash\"><h4><span class=\"headline\">Publicly appointed and sworn experts<\/span><\/h4><\/div><div class=\"btSubTitle\">for shield and pipe jacking.<\/div><\/header><\/div><\/div><\/div><\/div><div class=\"rowItem rowInnerItem col-sm-4  btTextLeft inherit\"  ><div class=\"rowItemContent\"><div class=\"servicesItem  btIcoDefaultColorIcon btIcoSmallSizeIcon\"><div class=\"sIcon\"><span class=\"btIco btIcoSmallSize btIcoDefaultType btIcoDefaultColor btIconCircleShape\"><span  data-ico-=\"&#038;#x;\" class=\"btIcoHolder\"><\/span><\/span><\/div><div class=\"sTxt\"><header class=\"header btClear small\" ><div class=\"dash\"><h4><span class=\"headline\">Expert opinion:<\/span><\/h4><\/div><div class=\"btSubTitle\">Preparation of expert opinions, court reports and risk analyses.<\/div><\/header><\/div><\/div><\/div><\/div><div class=\"rowItem rowInnerItem col-sm-4  btTextLeft inherit btDoublePadding\"  ><div class=\"rowItemContent\"><div class=\"servicesItem  btIcoDefaultColorIcon btIcoSmallSizeIcon\"><div class=\"sIcon\"><span class=\"btIco btIcoSmallSize btIcoDefaultType btIcoDefaultColor btIconCircleShape\"><span  data-ico-=\"&#038;#x;\" class=\"btIcoHolder\"><\/span><\/span><\/div><div class=\"sTxt\"><header class=\"header btClear small\" ><div class=\"dash\"><h4><span class=\"headline\">Structural tests:<\/span><\/h4><\/div><div class=\"btSubTitle\">Inspection experts certified by the Federal Railway Authority and the NRW Chamber of Civil Engineers.<\/div><\/header><\/div><\/div><\/div><\/div><\/div><\/div><div class=\"btClear btSeparator topSmallSpaced bottomSemiSpaced noBorder\" ><hr><\/div><header class=\"header btClear small btDash bottomDash  regular\" ><div class=\"dash\"><h4><span class=\"headline\"><b class=\"animate\">Qualifications:<\/b><\/span><\/h4><\/div><\/header><div class=\"btClear btSeparator topSmallSpaced bottomSmallSpaced noBorder\" ><hr><\/div><div class=\"boldRow\" ><div class=\"boldRowInner\"><div class=\"rowItem rowInnerItem col-sm-4  btTextLeft inherit\"  ><div class=\"rowItemContent\"><div class=\"servicesItem  btIcoDefaultColorIcon btIcoSmallSizeIcon\"><div class=\"sIcon\"><span class=\"btIco btIcoSmallSize btIcoDefaultType btIcoDefaultColor btIconCircleShape\"><span  data-ico-=\"&#038;#x;\" class=\"btIcoHolder\"><\/span><\/span><\/div><div class=\"sTxt\"><header class=\"header btClear small\" ><div class=\"dash\"><h4><span class=\"headline\">Qualified structural engineers<\/span><\/h4><\/div><\/header><\/div><\/div><\/div><\/div><div class=\"rowItem rowInnerItem col-sm-4  btTextLeft inherit\"  ><div class=\"rowItemContent\"><div class=\"servicesItem  btIcoDefaultColorIcon btIcoSmallSizeIcon\"><div class=\"sIcon\"><span class=\"btIco btIcoSmallSize btIcoDefaultType btIcoDefaultColor btIconCircleShape\"><span  data-ico-=\"&#038;#x;\" class=\"btIcoHolder\"><\/span><\/span><\/div><div class=\"sTxt\"><header class=\"header btClear small\" ><div class=\"dash\"><h4><span class=\"headline\">Expert planners for the maintenance of concrete components<\/span><\/h4><\/div><\/header><\/div><\/div><\/div><\/div><div class=\"rowItem rowInnerItem col-sm-4  btTextLeft inherit btDoublePadding\"  ><div class=\"rowItemContent\"><div class=\"servicesItem  btIcoDefaultColorIcon btIcoSmallSizeIcon\"><div class=\"sIcon\"><span class=\"btIco btIcoSmallSize btIcoDefaultType btIcoDefaultColor btIconCircleShape\"><span  data-ico-=\"&#038;#x;\" class=\"btIcoHolder\"><\/span><\/span><\/div><div class=\"sTxt\"><header class=\"header btClear small\" ><div class=\"dash\"><h4><span class=\"headline\">Building inspector according to DIN 1076<\/span><\/h4><\/div><\/header><\/div><\/div><\/div><\/div><\/div><\/div><div class=\"btClear btSeparator topSmallSpaced bottomSemiSpaced noBorder\" ><hr><\/div><header class=\"header btClear small btDash bottomDash  regular\" ><div class=\"dash\"><h4><span class=\"headline\"><b class=\"animate\">Certificates:<\/b><\/span><\/h4><\/div><\/header><div class=\"btClear btSeparator bottomSemiSpaced noBorder\" ><hr><\/div><a href=\"\/wp-content\/uploads\/2025\/03\/202935_IMM-Maidl-Maidl-_QM-WA_Deutsch_HZERT_24_KUHL_PDF.pdf\" class=\"btBtn btBtn btnOutlineStyle btnNormalColor btnSmall btnNormalWidth btnRightPosition btnIco\" ><span class=\"btnInnerText\">T\u00dcV Nord certificate<\/span><span class=\"btIco\"><span  data-ico-fa=\"&#xf0a3;\" class=\"btIcoHolder\"><\/span><\/span><\/a><a href=\"\/wp-content\/uploads\/2025\/03\/SCL-3_2290625_DU_2024.pdf\" class=\"btBtn btBtn btnOutlineStyle btnNormalColor btnSmall btnNormalWidth btnRightPosition btnIco\" ><span class=\"btnInnerText\">SLC Certificate | DEKRA<\/span><span class=\"btIco\"><span  data-ico-fa=\"&#xf0a3;\" class=\"btIcoHolder\"><\/span><\/span><\/a><a href=\"\/wp-content\/uploads\/2025\/05\/20240418_Zertifikat.pdf\" class=\"btBtn btBtn btnOutlineStyle btnNormalColor btnSmall btnNormalWidth btnRightPosition btnIco\" ><span class=\"btnInnerText\">Stifterverband certificate<\/span><span class=\"btIco\"><span  data-ico-fa=\"&#xf0a3;\" class=\"btIcoHolder\"><\/span><\/span><\/a><a href=\"\/wp-content\/uploads\/2025\/05\/MIRO-2025-Nachhaltigkeit-TOFFEE.pdf\" class=\"btBtn btBtn btnOutlineStyle btnNormalColor btnSmall btnNormalWidth btnRightPosition btnIco\" ><span class=\"btnInnerText\">MIRO Sustainability Award 2025<\/span><span class=\"btIco\"><span  data-ico-fa=\"&#xf0a3;\" class=\"btIcoHolder\"><\/span><\/span><\/a><div class=\"btClear btSeparator topSmallSpaced bottomSemiSpaced noBorder\" ><hr><\/div><header class=\"header btClear small btDash bottomDash  regular\" ><div class=\"dash\"><h4><span class=\"headline\"><b class=\"animate\">Memberships:<\/b><\/span><\/h4><\/div><div class=\"btSubTitle\">We are a member of leading professional associations such as:<\/div><\/header><div class=\"btClear btSeparator topSmallSpaced bottomSmallSpaced noBorder\" ><hr><\/div><div class=\"boldRow\" ><div class=\"boldRowInner\"><div class=\"rowItem rowInnerItem col-sm-4  btTextLeft inherit btDoublePadding\"  ><div class=\"rowItemContent\"><div class=\"servicesItem  btIcoAccentColorIcon btIcoSmallSizeIcon\"><div class=\"sIcon\"><span class=\"btIco btIcoSmallSize btIcoDefaultType btIcoAccentColor btIconCircleShape\"><span  data-ico-fa=\"&#xf058;\" class=\"btIcoHolder\"><\/span><\/span><\/div><div class=\"sTxt\"><header class=\"header btClear small\" ><div class=\"dash\"><h4><span class=\"headline\">Association of Consulting Engineers (VBI)<\/span><\/h4><\/div><\/header><\/div><\/div><\/div><\/div><div class=\"rowItem rowInnerItem col-sm-4  btTextLeft inherit btDoublePadding\"  ><div class=\"rowItemContent\"><div class=\"servicesItem  btIcoAccentColorIcon btIcoSmallSizeIcon\"><div class=\"sIcon\"><span class=\"btIco btIcoSmallSize btIcoDefaultType btIcoAccentColor btIconCircleShape\"><span  data-ico-fa=\"&#xf058;\" class=\"btIcoHolder\"><\/span><\/span><\/div><div class=\"sTxt\"><header class=\"header btClear small\" ><div class=\"dash\"><h4><span class=\"headline\">German Society for Geotechnics (DGGT)<\/span><\/h4><\/div><\/header><\/div><\/div><\/div><\/div><div class=\"rowItem rowInnerItem col-sm-4  btTextLeft inherit btDoublePadding\"  ><div class=\"rowItemContent\"><div class=\"servicesItem  btIcoAccentColorIcon btIcoSmallSizeIcon\"><div class=\"sIcon\"><span class=\"btIco btIcoSmallSize btIcoDefaultType btIcoAccentColor btIconCircleShape\"><span  data-ico-fa=\"&#xf058;\" class=\"btIcoHolder\"><\/span><\/span><\/div><div class=\"sTxt\"><header class=\"header btClear small\" ><div class=\"dash\"><h4><span class=\"headline\">Study Association for Underground Transportation Facilities (STUVA)<\/span><\/h4><\/div><\/header><\/div><\/div><\/div><\/div><\/div><\/div><div class=\"btClear btSeparator topSemiSpaced noBorder\" ><hr><\/div><div class=\"boldRow\" ><div class=\"boldRowInner\"><div class=\"rowItem rowInnerItem col-sm-4  btTextLeft inherit btDoublePadding\"  ><div class=\"rowItemContent\"><div class=\"servicesItem  btIcoAccentColorIcon btIcoSmallSizeIcon\"><div class=\"sIcon\"><span class=\"btIco btIcoSmallSize btIcoDefaultType btIcoAccentColor btIconCircleShape\"><span  data-ico-fa=\"&#xf058;\" class=\"btIcoHolder\"><\/span><\/span><\/div><div class=\"sTxt\"><header class=\"header btClear small\" ><div class=\"dash\"><h4><span class=\"headline\">Association of Experts\/Examiners for Structural Verification in Railway Construction (vpi-EBA)<\/span><\/h4><\/div><\/header><\/div><\/div><\/div><\/div><div class=\"rowItem rowInnerItem col-sm-4  btTextLeft inherit btDoublePadding\"  ><div class=\"rowItemContent\"><div class=\"servicesItem  btIcoAccentColorIcon btIcoSmallSizeIcon\"><div class=\"sIcon\"><span class=\"btIco btIcoSmallSize btIcoDefaultType btIcoAccentColor btIconCircleShape\"><span  data-ico-fa=\"&#xf058;\" class=\"btIcoHolder\"><\/span><\/span><\/div><div class=\"sTxt\"><header class=\"header btClear small\" ><div class=\"dash\"><h4><span class=\"headline\">Chamber of Engineers-Bau NRW<\/span><\/h4><\/div><\/header><\/div><\/div><\/div><\/div><div class=\"rowItem rowInnerItem col-sm-4  btTextLeft inherit btDoublePadding\"  ><div class=\"rowItemContent\"><div class=\"servicesItem  btIcoAccentColorIcon btIcoSmallSizeIcon\"><div class=\"sIcon\"><span class=\"btIco btIcoSmallSize btIcoDefaultType btIcoAccentColor btIconCircleShape\"><span  data-ico-fa=\"&#xf058;\" class=\"btIcoHolder\"><\/span><\/span><\/div><div class=\"sTxt\"><header class=\"header btClear small\" ><div class=\"dash\"><h4><span class=\"headline\">Austrian Society for Geomechanics (\u00d6GG)<\/span><\/h4><\/div><\/header><\/div><\/div><\/div><\/div><\/div><\/div><div class=\"btClear btSeparator topSemiSpaced noBorder\" ><hr><\/div><\/div><\/div><\/div><\/div><\/div><\/div><\/div><\/section><\/p>","protected":false},"excerpt":{"rendered":"","protected":false},"author":1,"featured_media":3914,"parent":0,"menu_order":0,"comment_status":"closed","ping_status":"closed","template":"","meta":{"footnotes":""},"class_list":["post-3827","page","type-page","status-publish","has-post-thumbnail","hentry"],"yoast_head":"<!-- This site is optimized with the Yoast SEO plugin v27.2 - https:\/\/yoast.com\/product\/yoast-seo-wordpress\/ -->\n<title>Sachverstand im Tunnelbau | IMM Maidl &amp; Maidl Bochum<\/title>\n<meta name=\"description\" content=\"IMM Bochum bietet fundierten Sachverstand f\u00fcr Tunnelbau, Spezialtiefbau und Bauwerke. Gutachten, Pr\u00fcfungen &amp; Expertise von anerkannten Sachverst\u00e4ndigen.\" \/>\n<meta name=\"robots\" content=\"index, follow, max-snippet:-1, max-image-preview:large, max-video-preview:-1\" \/>\n<link rel=\"canonical\" href=\"https:\/\/imm-bochum.de\/en\/sachverstand\/\" \/>\n<meta property=\"og:locale\" content=\"en_US\" \/>\n<meta property=\"og:type\" content=\"article\" \/>\n<meta property=\"og:title\" content=\"Sachverstand im Tunnelbau | IMM Maidl &amp; Maidl Bochum\" \/>\n<meta property=\"og:description\" content=\"IMM Bochum bietet fundierten Sachverstand f\u00fcr Tunnelbau, Spezialtiefbau und Bauwerke. Gutachten, Pr\u00fcfungen &amp; Expertise von anerkannten Sachverst\u00e4ndigen.\" \/>\n<meta property=\"og:url\" content=\"https:\/\/imm-bochum.de\/en\/sachverstand\/\" \/>\n<meta property=\"og:site_name\" content=\"IMM Maidl &amp; Maidl - Beratende Ingenieure\" \/>\n<meta property=\"article:modified_time\" content=\"2025-07-30T16:06:18+00:00\" \/>\n<meta property=\"og:image\" content=\"https:\/\/imm-bochum.de\/wp-content\/uploads\/2024\/08\/IMG-20231107-WA0002-2-1.jpg\" \/>\n\t<meta property=\"og:image:width\" content=\"1600\" \/>\n\t<meta property=\"og:image:height\" content=\"536\" \/>\n\t<meta property=\"og:image:type\" content=\"image\/jpeg\" \/>\n<meta name=\"twitter:card\" content=\"summary_large_image\" \/>\n<meta name=\"twitter:label1\" content=\"Est. reading time\" \/>\n\t<meta name=\"twitter:data1\" content=\"1 minute\" \/>\n<script type=\"application\/ld+json\" class=\"yoast-schema-graph\">{\"@context\":\"https:\/\/schema.org\",\"@graph\":[{\"@type\":\"WebPage\",\"@id\":\"https:\/\/imm-bochum.de\/sachverstand\/\",\"url\":\"https:\/\/imm-bochum.de\/sachverstand\/\",\"name\":\"Sachverstand im Tunnelbau | IMM Maidl & Maidl Bochum\",\"isPartOf\":{\"@id\":\"https:\/\/imm-bochum.de\/#website\"},\"primaryImageOfPage\":{\"@id\":\"https:\/\/imm-bochum.de\/sachverstand\/#primaryimage\"},\"image\":{\"@id\":\"https:\/\/imm-bochum.de\/sachverstand\/#primaryimage\"},\"thumbnailUrl\":\"https:\/\/imm-bochum.de\/wp-content\/uploads\/2024\/08\/IMG-20231107-WA0002-2-1.jpg\",\"datePublished\":\"2024-08-26T14:30:10+00:00\",\"dateModified\":\"2025-07-30T16:06:18+00:00\",\"description\":\"IMM Bochum bietet fundierten Sachverstand f\u00fcr Tunnelbau, Spezialtiefbau und Bauwerke. Gutachten, Pr\u00fcfungen & Expertise von anerkannten Sachverst\u00e4ndigen.\",\"breadcrumb\":{\"@id\":\"https:\/\/imm-bochum.de\/sachverstand\/#breadcrumb\"},\"inLanguage\":\"en-US\",\"potentialAction\":[{\"@type\":\"ReadAction\",\"target\":[\"https:\/\/imm-bochum.de\/sachverstand\/\"]}]},{\"@type\":\"ImageObject\",\"inLanguage\":\"en-US\",\"@id\":\"https:\/\/imm-bochum.de\/sachverstand\/#primaryimage\",\"url\":\"https:\/\/imm-bochum.de\/wp-content\/uploads\/2024\/08\/IMG-20231107-WA0002-2-1.jpg\",\"contentUrl\":\"https:\/\/imm-bochum.de\/wp-content\/uploads\/2024\/08\/IMG-20231107-WA0002-2-1.jpg\",\"width\":1600,\"height\":536},{\"@type\":\"BreadcrumbList\",\"@id\":\"https:\/\/imm-bochum.de\/sachverstand\/#breadcrumb\",\"itemListElement\":[{\"@type\":\"ListItem\",\"position\":1,\"name\":\"Startseite\",\"item\":\"https:\/\/imm-bochum.de\/\"},{\"@type\":\"ListItem\",\"position\":2,\"name\":\"Sachverstand\"}]},{\"@type\":\"WebSite\",\"@id\":\"https:\/\/imm-bochum.de\/#website\",\"url\":\"https:\/\/imm-bochum.de\/\",\"name\":\"IMM Maidl & Maidl - Beratende Ingenieure\",\"description\":\"Ab sofort finden Sie uns in der Konrad-Zuse-Str. 18 in 44801 Bochum. Wir sind weiterhin unter den Ihnen bekannten Rufnummern und E-Mail-Adressen f\u00fcr Sie erreichbar.\",\"publisher\":{\"@id\":\"https:\/\/imm-bochum.de\/#organization\"},\"potentialAction\":[{\"@type\":\"SearchAction\",\"target\":{\"@type\":\"EntryPoint\",\"urlTemplate\":\"https:\/\/imm-bochum.de\/?s={search_term_string}\"},\"query-input\":{\"@type\":\"PropertyValueSpecification\",\"valueRequired\":true,\"valueName\":\"search_term_string\"}}],\"inLanguage\":\"en-US\"},{\"@type\":\"Organization\",\"@id\":\"https:\/\/imm-bochum.de\/#organization\",\"name\":\"IMM Maidl & Maidl - Beratende Ingenieure\",\"url\":\"https:\/\/imm-bochum.de\/\",\"logo\":{\"@type\":\"ImageObject\",\"inLanguage\":\"en-US\",\"@id\":\"https:\/\/imm-bochum.de\/#\/schema\/logo\/image\/\",\"url\":\"https:\/\/imm-bochum.de\/wp-content\/uploads\/2024\/12\/Artboard-1@4x.png\",\"contentUrl\":\"https:\/\/imm-bochum.de\/wp-content\/uploads\/2024\/12\/Artboard-1@4x.png\",\"width\":4138,\"height\":1361,\"caption\":\"IMM Maidl & Maidl - Beratende Ingenieure\"},\"image\":{\"@id\":\"https:\/\/imm-bochum.de\/#\/schema\/logo\/image\/\"}}]}<\/script>\n<!-- \/ Yoast SEO plugin. -->","yoast_head_json":{"title":"Tunnel construction expertise | IMM Maidl &amp; Maidl Bochum","description":"IMM Bochum offers in-depth expertise for tunnel construction, special civil engineering and structures. Expert reports, inspections &amp; expertise from recognized experts.","robots":{"index":"index","follow":"follow","max-snippet":"max-snippet:-1","max-image-preview":"max-image-preview:large","max-video-preview":"max-video-preview:-1"},"canonical":"https:\/\/imm-bochum.de\/en\/sachverstand\/","og_locale":"en_US","og_type":"article","og_title":"Sachverstand im Tunnelbau | IMM Maidl & Maidl Bochum","og_description":"IMM Bochum bietet fundierten Sachverstand f\u00fcr Tunnelbau, Spezialtiefbau und Bauwerke. Gutachten, Pr\u00fcfungen & Expertise von anerkannten Sachverst\u00e4ndigen.","og_url":"https:\/\/imm-bochum.de\/en\/sachverstand\/","og_site_name":"IMM Maidl &amp; Maidl - Beratende Ingenieure","article_modified_time":"2025-07-30T16:06:18+00:00","og_image":[{"width":1600,"height":536,"url":"https:\/\/imm-bochum.de\/wp-content\/uploads\/2024\/08\/IMG-20231107-WA0002-2-1.jpg","type":"image\/jpeg"}],"twitter_card":"summary_large_image","twitter_misc":{"Est. reading time":"1 minute"},"schema":{"@context":"https:\/\/schema.org","@graph":[{"@type":"WebPage","@id":"https:\/\/imm-bochum.de\/sachverstand\/","url":"https:\/\/imm-bochum.de\/sachverstand\/","name":"Tunnel construction expertise | IMM Maidl &amp; Maidl Bochum","isPartOf":{"@id":"https:\/\/imm-bochum.de\/#website"},"primaryImageOfPage":{"@id":"https:\/\/imm-bochum.de\/sachverstand\/#primaryimage"},"image":{"@id":"https:\/\/imm-bochum.de\/sachverstand\/#primaryimage"},"thumbnailUrl":"https:\/\/imm-bochum.de\/wp-content\/uploads\/2024\/08\/IMG-20231107-WA0002-2-1.jpg","datePublished":"2024-08-26T14:30:10+00:00","dateModified":"2025-07-30T16:06:18+00:00","description":"IMM Bochum offers in-depth expertise for tunnel construction, special civil engineering and structures. Expert reports, inspections &amp; expertise from recognized experts.","breadcrumb":{"@id":"https:\/\/imm-bochum.de\/sachverstand\/#breadcrumb"},"inLanguage":"en-US","potentialAction":[{"@type":"ReadAction","target":["https:\/\/imm-bochum.de\/sachverstand\/"]}]},{"@type":"ImageObject","inLanguage":"en-US","@id":"https:\/\/imm-bochum.de\/sachverstand\/#primaryimage","url":"https:\/\/imm-bochum.de\/wp-content\/uploads\/2024\/08\/IMG-20231107-WA0002-2-1.jpg","contentUrl":"https:\/\/imm-bochum.de\/wp-content\/uploads\/2024\/08\/IMG-20231107-WA0002-2-1.jpg","width":1600,"height":536},{"@type":"BreadcrumbList","@id":"https:\/\/imm-bochum.de\/sachverstand\/#breadcrumb","itemListElement":[{"@type":"ListItem","position":1,"name":"Startseite","item":"https:\/\/imm-bochum.de\/"},{"@type":"ListItem","position":2,"name":"Sachverstand"}]},{"@type":"WebSite","@id":"https:\/\/imm-bochum.de\/#website","url":"https:\/\/imm-bochum.de\/","name":"IMM Maidl &amp; Maidl - Consulting Engineers","description":"From now on you will find us at Konrad-Zuse-Str. 18 in 44801 Bochum. You can still reach us at the telephone numbers and e-mail addresses known to you.","publisher":{"@id":"https:\/\/imm-bochum.de\/#organization"},"potentialAction":[{"@type":"SearchAction","target":{"@type":"EntryPoint","urlTemplate":"https:\/\/imm-bochum.de\/?s={search_term_string}"},"query-input":{"@type":"PropertyValueSpecification","valueRequired":true,"valueName":"search_term_string"}}],"inLanguage":"en-US"},{"@type":"Organization","@id":"https:\/\/imm-bochum.de\/#organization","name":"IMM Maidl &amp; Maidl - Consulting Engineers","url":"https:\/\/imm-bochum.de\/","logo":{"@type":"ImageObject","inLanguage":"en-US","@id":"https:\/\/imm-bochum.de\/#\/schema\/logo\/image\/","url":"https:\/\/imm-bochum.de\/wp-content\/uploads\/2024\/12\/Artboard-1@4x.png","contentUrl":"https:\/\/imm-bochum.de\/wp-content\/uploads\/2024\/12\/Artboard-1@4x.png","width":4138,"height":1361,"caption":"IMM Maidl & Maidl - Beratende Ingenieure"},"image":{"@id":"https:\/\/imm-bochum.de\/#\/schema\/logo\/image\/"}}]}},"_links":{"self":[{"href":"https:\/\/imm-bochum.de\/en\/wp-json\/wp\/v2\/pages\/3827","targetHints":{"allow":["GET"]}}],"collection":[{"href":"https:\/\/imm-bochum.de\/en\/wp-json\/wp\/v2\/pages"}],"about":[{"href":"https:\/\/imm-bochum.de\/en\/wp-json\/wp\/v2\/types\/page"}],"author":[{"embeddable":true,"href":"https:\/\/imm-bochum.de\/en\/wp-json\/wp\/v2\/users\/1"}],"replies":[{"embeddable":true,"href":"https:\/\/imm-bochum.de\/en\/wp-json\/wp\/v2\/comments?post=3827"}],"version-history":[{"count":27,"href":"https:\/\/imm-bochum.de\/en\/wp-json\/wp\/v2\/pages\/3827\/revisions"}],"predecessor-version":[{"id":4581,"href":"https:\/\/imm-bochum.de\/en\/wp-json\/wp\/v2\/pages\/3827\/revisions\/4581"}],"wp:featuredmedia":[{"embeddable":true,"href":"https:\/\/imm-bochum.de\/en\/wp-json\/wp\/v2\/media\/3914"}],"wp:attachment":[{"href":"https:\/\/imm-bochum.de\/en\/wp-json\/wp\/v2\/media?parent=3827"}],"curies":[{"name":"wp","href":"https:\/\/api.w.org\/{rel}","templated":true}]}}