{"id":4369,"date":"2025-02-04T13:35:38","date_gmt":"2025-02-04T13:35:38","guid":{"rendered":"https:\/\/imm0906.live-website.com\/?page_id=4369"},"modified":"2025-07-30T16:04:03","modified_gmt":"2025-07-30T16:04:03","slug":"pruefingenieure","status":"publish","type":"page","link":"https:\/\/imm-bochum.de\/en\/pruefingenieure\/","title":{"rendered":"Test engineers"},"content":{"rendered":"<section id=\"bt_section69d296b9cf166\"  class=\"boldSection topSpaced bottomSpaced btDarkSkin gutter boxed inherit wBackground cover wBackground cover btBackgroundOverlay btSolidDarkBackground\" style=\"background-image:url('https:\/\/imm-bochum.de\/wp-content\/uploads\/2024\/12\/BOssLER-TVM-7-2.jpg');\"><div class=\"port\"><div class=\"boldCell\"><div class=\"boldCellInner\"><div class=\"boldRow\" ><div class=\"boldRowInner\"><div class=\"rowItem col-md-12 col-ms-12  btTextLeft inherit\"  data-width=\"12\"><div class=\"rowItemContent\" ><header class=\"header btClear medium btDash bottomDash  regular\" style=\"Vom Eisenbahn-Bundesamt anerkannte Gutachter im Eisenbahnbau\"><div class=\"dash\"><h3><span class=\"headline\">Experts in railroad construction recognized by the Federal Railway Authority<\/span><\/h3><\/div><\/header><div class=\"btClear btSeparator bottomSemiSpaced noBorder\" ><hr><\/div><\/div><\/div><\/div><\/div><div class=\"boldRow\" ><div class=\"boldRowInner\"><div class=\"rowItem col-md-6 col-sm-12 btTextCenter animate animate-fadein inherit btTextIndent\"  data-width=\"6\"><div class=\"rowItemContent\" style = \"background-color: rgba(255, 255, 255, 1); \"><div class=\"btClear btSeparator bottomSmallSpaced noBorder\" ><hr><\/div><div class=\"bpgPhoto btDefaultHoverType btHasTitles\" ><div class = \"btImage\"><img decoding=\"async\" src=\"https:\/\/imm-bochum.de\/wp-content\/uploads\/2024\/08\/dhandke.jpg\" alt=\"\" title=\"- Expert of the Federal Railway Authority (EBA) - IHK expert for the field of shield and pipe jacking in tunnel construction and microtunnel construction - Qualified structural engineer of the North Rhine-Westphalia Chamber of Civil Engineers - Consulting engineer of the NRW Chamber of Civil Engineers\"><\/div><\/div><div class=\"btClear btSeparator bottomSmallSpaced noBorder\" ><hr><\/div><div class=\"btText\" ><\/p>\n<p><span style=\"color: #000000;\"><strong>Dr.-Ing. Dieter Handke<\/strong><\/span><\/p>\n<p><span style=\"color: #000000;\">Geotechnics<\/span><\/p>\n<p><span style=\"color: #000000;\"><strong>Fields of activity:<\/strong> Rock construction and tunneling<\/span><\/p>\n<p><span style=\"color: #000000;\">Test engineer until 2024<\/span><\/p>\n<p>\n<\/div><div class=\"btClear btSeparator bottomSmallSpaced noBorder\" ><hr><\/div><\/div><\/div><div class=\"rowItem col-md-6 col-sm-12 btTextCenter animate animate-fadein inherit btDoublePadding\"  data-width=\"6\"><div class=\"rowItemContent\" style = \"background-color: rgba(255, 255, 255, 1); \"><div class=\"btClear btSeparator topSmallSpaced noBorder\" ><hr><\/div><div class=\"bpgPhoto btDefaultHoverType\" ><div class = \"btImage\"><img decoding=\"async\" src=\"https:\/\/imm-bochum.de\/wp-content\/uploads\/2024\/08\/rmaidl.jpg\" alt=\"\" title=\"\"><\/div><\/div><div class=\"btClear btSeparator topSmallSpaced noBorder\" ><hr><\/div><div class=\"btText\" ><\/p>\n<p><span style=\"color: #000000;\"><strong>Dipl.-Ing. Reinhold Maidl<\/strong><\/span><\/p>\n<p><span style=\"color: #000000;\">Geotechnics<\/span><\/p>\n<p><span style=\"color: #000000;\"><strong>Fields of activity:<\/strong> Rock construction and tunneling<\/span><\/p>\n<p><span style=\"color: #000000;\">Test engineer until 2012<\/span><\/p>\n<p>\n<\/div><div class=\"btClear btSeparator topSmallSpaced noBorder\" ><hr><\/div><\/div><\/div><\/div><\/div><div class=\"boldRow\" ><div class=\"boldRowInner\"><div class=\"rowItem col-md-12 col-ms-12  btTextLeft\"  data-width=\"12\"><div class=\"rowItemContent\" ><div class=\"btClear btSeparator topSmallSpaced bottomSmallSpaced noBorder\" ><hr><\/div><\/div><\/div><\/div><\/div><div class=\"boldRow\" ><div class=\"boldRowInner\"><div class=\"rowItem col-md-6 col-sm-12 btTextCenter animate animate-fadein inherit btTextIndent\"  data-width=\"6\"><div class=\"rowItemContent\" style = \"background-color: rgba(255, 255, 255, 1); \"><div class=\"btClear btSeparator topSmallSpaced noBorder\" ><hr><\/div><div class=\"bpgPhoto btDefaultHoverType\" ><div class = \"btImage\"><img decoding=\"async\" src=\"https:\/\/imm-bochum.de\/wp-content\/uploads\/2024\/08\/apfeifer.jpg\" alt=\"\" title=\"\"><\/div><\/div><div class=\"btClear btSeparator bottomSmallSpaced noBorder\" ><hr><\/div><div class=\"btText\" ><\/p>\n<p><span style=\"color: #000000;\"><strong>Dipl.-Ing. Alexander Pfeifer<\/strong><\/span><\/p>\n<p><span style=\"color: #000000;\">Geotechnics<\/span><\/p>\n<p><span style=\"color: #000000;\"><strong>Field of activity:<\/strong> Tunnel construction<\/span><\/p>\n<p>\n<\/div><div class=\"btClear btSeparator topSmallSpaced noBorder\" ><hr><\/div><\/div><\/div><div class=\"rowItem col-md-6 col-sm-12 btTextCenter animate animate-fadein inherit btTextIndent\"  data-width=\"6\"><div class=\"rowItemContent\" style = \"background-color: rgba(255, 255, 255, 1); \"><div class=\"btClear btSeparator topSmallSpaced noBorder\" ><hr><\/div><div class=\"bpgPhoto btDefaultHoverType\" ><div class = \"btImage\"><img decoding=\"async\" src=\"https:\/\/imm-bochum.de\/wp-content\/uploads\/2024\/08\/tmaidl.jpg\" alt=\"\" title=\"\"><\/div><\/div><div class=\"btClear btSeparator topSmallSpaced noBorder\" ><hr><\/div><div class=\"btText\" ><\/p>\n<p><span style=\"color: #000000;\"><strong>Dipl.-Ing. Thomas Maidl<\/strong><\/span><\/p>\n<p><span style=\"color: #000000;\">Geotechnics<\/span><\/p>\n<p><span style=\"color: #000000;\"><strong>Fields of activity:<\/strong> Rock construction and tunneling<\/span><\/p>\n<p>\n<\/div><div class=\"btClear btSeparator topSmallSpaced noBorder\" ><hr><\/div><\/div><\/div><\/div><\/div><div class=\"boldRow\" ><div class=\"boldRowInner\"><\/div><\/div><\/div><\/div><\/div><\/section>","protected":false},"excerpt":{"rendered":"","protected":false},"author":1,"featured_media":3914,"parent":0,"menu_order":0,"comment_status":"closed","ping_status":"closed","template":"","meta":{"footnotes":""},"class_list":["post-4369","page","type-page","status-publish","has-post-thumbnail","hentry"],"yoast_head":"<!-- This site is optimized with the Yoast SEO plugin v27.2 - https:\/\/yoast.com\/product\/yoast-seo-wordpress\/ -->\n<title>Pr\u00fcfingenieure &amp; Pr\u00fcfstatik | IMM Maidl &amp; Maidl Bochum<\/title>\n<meta name=\"description\" content=\"IMM Bochum \u2013 anerkannte Pr\u00fcfingenieure f\u00fcr Tunnelbau, Br\u00fccken- und Ingenieurbau. Gerichtsfeste Pr\u00fcfstatik &amp; Expertise im \u00f6ffentlichen Bauwesen.\" \/>\n<meta name=\"robots\" content=\"index, follow, max-snippet:-1, max-image-preview:large, max-video-preview:-1\" \/>\n<link rel=\"canonical\" href=\"https:\/\/imm-bochum.de\/en\/pruefingenieure\/\" \/>\n<meta property=\"og:locale\" content=\"en_US\" \/>\n<meta property=\"og:type\" content=\"article\" \/>\n<meta property=\"og:title\" content=\"Pr\u00fcfingenieure &amp; Pr\u00fcfstatik | IMM Maidl &amp; Maidl Bochum\" \/>\n<meta property=\"og:description\" content=\"IMM Bochum \u2013 anerkannte Pr\u00fcfingenieure f\u00fcr Tunnelbau, Br\u00fccken- und Ingenieurbau. Gerichtsfeste Pr\u00fcfstatik &amp; Expertise im \u00f6ffentlichen Bauwesen.\" \/>\n<meta property=\"og:url\" content=\"https:\/\/imm-bochum.de\/en\/pruefingenieure\/\" \/>\n<meta property=\"og:site_name\" content=\"IMM Maidl &amp; Maidl - Beratende Ingenieure\" \/>\n<meta property=\"article:modified_time\" content=\"2025-07-30T16:04:03+00:00\" \/>\n<meta property=\"og:image\" content=\"https:\/\/imm-bochum.de\/wp-content\/uploads\/2024\/08\/IMG-20231107-WA0002-2-1.jpg\" \/>\n\t<meta property=\"og:image:width\" content=\"1600\" \/>\n\t<meta property=\"og:image:height\" content=\"536\" \/>\n\t<meta property=\"og:image:type\" content=\"image\/jpeg\" \/>\n<meta name=\"twitter:card\" content=\"summary_large_image\" \/>\n<meta name=\"twitter:label1\" content=\"Est. reading time\" \/>\n\t<meta name=\"twitter:data1\" content=\"2 minutes\" \/>\n<script type=\"application\/ld+json\" class=\"yoast-schema-graph\">{\"@context\":\"https:\/\/schema.org\",\"@graph\":[{\"@type\":\"WebPage\",\"@id\":\"https:\/\/imm-bochum.de\/pruefingenieure\/\",\"url\":\"https:\/\/imm-bochum.de\/pruefingenieure\/\",\"name\":\"Pr\u00fcfingenieure & Pr\u00fcfstatik | IMM Maidl & Maidl Bochum\",\"isPartOf\":{\"@id\":\"https:\/\/imm-bochum.de\/#website\"},\"primaryImageOfPage\":{\"@id\":\"https:\/\/imm-bochum.de\/pruefingenieure\/#primaryimage\"},\"image\":{\"@id\":\"https:\/\/imm-bochum.de\/pruefingenieure\/#primaryimage\"},\"thumbnailUrl\":\"https:\/\/imm-bochum.de\/wp-content\/uploads\/2024\/08\/IMG-20231107-WA0002-2-1.jpg\",\"datePublished\":\"2025-02-04T13:35:38+00:00\",\"dateModified\":\"2025-07-30T16:04:03+00:00\",\"description\":\"IMM Bochum \u2013 anerkannte Pr\u00fcfingenieure f\u00fcr Tunnelbau, Br\u00fccken- und Ingenieurbau. Gerichtsfeste Pr\u00fcfstatik & Expertise im \u00f6ffentlichen Bauwesen.\",\"breadcrumb\":{\"@id\":\"https:\/\/imm-bochum.de\/pruefingenieure\/#breadcrumb\"},\"inLanguage\":\"en-US\",\"potentialAction\":[{\"@type\":\"ReadAction\",\"target\":[\"https:\/\/imm-bochum.de\/pruefingenieure\/\"]}]},{\"@type\":\"ImageObject\",\"inLanguage\":\"en-US\",\"@id\":\"https:\/\/imm-bochum.de\/pruefingenieure\/#primaryimage\",\"url\":\"https:\/\/imm-bochum.de\/wp-content\/uploads\/2024\/08\/IMG-20231107-WA0002-2-1.jpg\",\"contentUrl\":\"https:\/\/imm-bochum.de\/wp-content\/uploads\/2024\/08\/IMG-20231107-WA0002-2-1.jpg\",\"width\":1600,\"height\":536},{\"@type\":\"BreadcrumbList\",\"@id\":\"https:\/\/imm-bochum.de\/pruefingenieure\/#breadcrumb\",\"itemListElement\":[{\"@type\":\"ListItem\",\"position\":1,\"name\":\"Startseite\",\"item\":\"https:\/\/imm-bochum.de\/\"},{\"@type\":\"ListItem\",\"position\":2,\"name\":\"Pr\u00fcfingenieure\"}]},{\"@type\":\"WebSite\",\"@id\":\"https:\/\/imm-bochum.de\/#website\",\"url\":\"https:\/\/imm-bochum.de\/\",\"name\":\"IMM Maidl & Maidl - Beratende Ingenieure\",\"description\":\"Ab sofort finden Sie uns in der Konrad-Zuse-Str. 18 in 44801 Bochum. Wir sind weiterhin unter den Ihnen bekannten Rufnummern und E-Mail-Adressen f\u00fcr Sie erreichbar.\",\"publisher\":{\"@id\":\"https:\/\/imm-bochum.de\/#organization\"},\"potentialAction\":[{\"@type\":\"SearchAction\",\"target\":{\"@type\":\"EntryPoint\",\"urlTemplate\":\"https:\/\/imm-bochum.de\/?s={search_term_string}\"},\"query-input\":{\"@type\":\"PropertyValueSpecification\",\"valueRequired\":true,\"valueName\":\"search_term_string\"}}],\"inLanguage\":\"en-US\"},{\"@type\":\"Organization\",\"@id\":\"https:\/\/imm-bochum.de\/#organization\",\"name\":\"IMM Maidl & Maidl - Beratende Ingenieure\",\"url\":\"https:\/\/imm-bochum.de\/\",\"logo\":{\"@type\":\"ImageObject\",\"inLanguage\":\"en-US\",\"@id\":\"https:\/\/imm-bochum.de\/#\/schema\/logo\/image\/\",\"url\":\"https:\/\/imm-bochum.de\/wp-content\/uploads\/2024\/12\/Artboard-1@4x.png\",\"contentUrl\":\"https:\/\/imm-bochum.de\/wp-content\/uploads\/2024\/12\/Artboard-1@4x.png\",\"width\":4138,\"height\":1361,\"caption\":\"IMM Maidl & Maidl - Beratende Ingenieure\"},\"image\":{\"@id\":\"https:\/\/imm-bochum.de\/#\/schema\/logo\/image\/\"}}]}<\/script>\n<!-- \/ Yoast SEO plugin. -->","yoast_head_json":{"title":"Pr\u00fcfingenieure & Pr\u00fcfstatik | IMM Maidl & Maidl Bochum","description":"IMM Bochum \u2013 anerkannte Pr\u00fcfingenieure f\u00fcr Tunnelbau, Br\u00fccken- und Ingenieurbau. Gerichtsfeste Pr\u00fcfstatik & Expertise im \u00f6ffentlichen Bauwesen.","robots":{"index":"index","follow":"follow","max-snippet":"max-snippet:-1","max-image-preview":"max-image-preview:large","max-video-preview":"max-video-preview:-1"},"canonical":"https:\/\/imm-bochum.de\/en\/pruefingenieure\/","og_locale":"en_US","og_type":"article","og_title":"Pr\u00fcfingenieure & Pr\u00fcfstatik | IMM Maidl & Maidl Bochum","og_description":"IMM Bochum \u2013 anerkannte Pr\u00fcfingenieure f\u00fcr Tunnelbau, Br\u00fccken- und Ingenieurbau. Gerichtsfeste Pr\u00fcfstatik & Expertise im \u00f6ffentlichen Bauwesen.","og_url":"https:\/\/imm-bochum.de\/en\/pruefingenieure\/","og_site_name":"IMM Maidl &amp; Maidl - Beratende Ingenieure","article_modified_time":"2025-07-30T16:04:03+00:00","og_image":[{"width":1600,"height":536,"url":"https:\/\/imm-bochum.de\/wp-content\/uploads\/2024\/08\/IMG-20231107-WA0002-2-1.jpg","type":"image\/jpeg"}],"twitter_card":"summary_large_image","twitter_misc":{"Est. reading time":"2 minutes"},"schema":{"@context":"https:\/\/schema.org","@graph":[{"@type":"WebPage","@id":"https:\/\/imm-bochum.de\/pruefingenieure\/","url":"https:\/\/imm-bochum.de\/pruefingenieure\/","name":"Pr\u00fcfingenieure & Pr\u00fcfstatik | IMM Maidl & Maidl Bochum","isPartOf":{"@id":"https:\/\/imm-bochum.de\/#website"},"primaryImageOfPage":{"@id":"https:\/\/imm-bochum.de\/pruefingenieure\/#primaryimage"},"image":{"@id":"https:\/\/imm-bochum.de\/pruefingenieure\/#primaryimage"},"thumbnailUrl":"https:\/\/imm-bochum.de\/wp-content\/uploads\/2024\/08\/IMG-20231107-WA0002-2-1.jpg","datePublished":"2025-02-04T13:35:38+00:00","dateModified":"2025-07-30T16:04:03+00:00","description":"IMM Bochum \u2013 anerkannte Pr\u00fcfingenieure f\u00fcr Tunnelbau, Br\u00fccken- und Ingenieurbau. Gerichtsfeste Pr\u00fcfstatik & Expertise im \u00f6ffentlichen Bauwesen.","breadcrumb":{"@id":"https:\/\/imm-bochum.de\/pruefingenieure\/#breadcrumb"},"inLanguage":"en-US","potentialAction":[{"@type":"ReadAction","target":["https:\/\/imm-bochum.de\/pruefingenieure\/"]}]},{"@type":"ImageObject","inLanguage":"en-US","@id":"https:\/\/imm-bochum.de\/pruefingenieure\/#primaryimage","url":"https:\/\/imm-bochum.de\/wp-content\/uploads\/2024\/08\/IMG-20231107-WA0002-2-1.jpg","contentUrl":"https:\/\/imm-bochum.de\/wp-content\/uploads\/2024\/08\/IMG-20231107-WA0002-2-1.jpg","width":1600,"height":536},{"@type":"BreadcrumbList","@id":"https:\/\/imm-bochum.de\/pruefingenieure\/#breadcrumb","itemListElement":[{"@type":"ListItem","position":1,"name":"Startseite","item":"https:\/\/imm-bochum.de\/"},{"@type":"ListItem","position":2,"name":"Pr\u00fcfingenieure"}]},{"@type":"WebSite","@id":"https:\/\/imm-bochum.de\/#website","url":"https:\/\/imm-bochum.de\/","name":"IMM Maidl &amp; Maidl - Consulting Engineers","description":"From now on you will find us at Konrad-Zuse-Str. 18 in 44801 Bochum. You can still reach us at the telephone numbers and e-mail addresses known to you.","publisher":{"@id":"https:\/\/imm-bochum.de\/#organization"},"potentialAction":[{"@type":"SearchAction","target":{"@type":"EntryPoint","urlTemplate":"https:\/\/imm-bochum.de\/?s={search_term_string}"},"query-input":{"@type":"PropertyValueSpecification","valueRequired":true,"valueName":"search_term_string"}}],"inLanguage":"en-US"},{"@type":"Organization","@id":"https:\/\/imm-bochum.de\/#organization","name":"IMM Maidl &amp; Maidl - Consulting Engineers","url":"https:\/\/imm-bochum.de\/","logo":{"@type":"ImageObject","inLanguage":"en-US","@id":"https:\/\/imm-bochum.de\/#\/schema\/logo\/image\/","url":"https:\/\/imm-bochum.de\/wp-content\/uploads\/2024\/12\/Artboard-1@4x.png","contentUrl":"https:\/\/imm-bochum.de\/wp-content\/uploads\/2024\/12\/Artboard-1@4x.png","width":4138,"height":1361,"caption":"IMM Maidl & Maidl - Beratende Ingenieure"},"image":{"@id":"https:\/\/imm-bochum.de\/#\/schema\/logo\/image\/"}}]}},"_links":{"self":[{"href":"https:\/\/imm-bochum.de\/en\/wp-json\/wp\/v2\/pages\/4369","targetHints":{"allow":["GET"]}}],"collection":[{"href":"https:\/\/imm-bochum.de\/en\/wp-json\/wp\/v2\/pages"}],"about":[{"href":"https:\/\/imm-bochum.de\/en\/wp-json\/wp\/v2\/types\/page"}],"author":[{"embeddable":true,"href":"https:\/\/imm-bochum.de\/en\/wp-json\/wp\/v2\/users\/1"}],"replies":[{"embeddable":true,"href":"https:\/\/imm-bochum.de\/en\/wp-json\/wp\/v2\/comments?post=4369"}],"version-history":[{"count":30,"href":"https:\/\/imm-bochum.de\/en\/wp-json\/wp\/v2\/pages\/4369\/revisions"}],"predecessor-version":[{"id":4543,"href":"https:\/\/imm-bochum.de\/en\/wp-json\/wp\/v2\/pages\/4369\/revisions\/4543"}],"wp:featuredmedia":[{"embeddable":true,"href":"https:\/\/imm-bochum.de\/en\/wp-json\/wp\/v2\/media\/3914"}],"wp:attachment":[{"href":"https:\/\/imm-bochum.de\/en\/wp-json\/wp\/v2\/media?parent=4369"}],"curies":[{"name":"wp","href":"https:\/\/api.w.org\/{rel}","templated":true}]}}